{"id":302,"date":"2026-04-08T06:55:32","date_gmt":"2026-04-08T09:55:32","guid":{"rendered":"https:\/\/projetos7th.com.br\/srcaixa\/?page_id=302"},"modified":"2026-04-08T08:47:46","modified_gmt":"2026-04-08T11:47:46","slug":"lacres","status":"publish","type":"page","link":"https:\/\/projetos7th.com.br\/srcaixa\/lacres\/","title":{"rendered":"Lacres"},"content":{"rendered":"\t\t<div data-elementor-type=\"wp-page\" data-elementor-id=\"302\" class=\"elementor elementor-302\" data-elementor-post-type=\"page\">\n\t\t\t\t\t\t<section class=\"elementor-section elementor-top-section elementor-element elementor-element-a7120fb elementor-section-height-min-height elementor-section-boxed elementor-section-height-default elementor-section-items-middle\" data-id=\"a7120fb\" data-element_type=\"section\" data-e-type=\"section\" data-settings=\"{&quot;background_background&quot;:&quot;classic&quot;,&quot;shape_divider_bottom&quot;:&quot;split&quot;}\">\n\t\t\t\t\t\t\t<div class=\"elementor-background-overlay\"><\/div>\n\t\t\t\t\t\t<div class=\"elementor-shape elementor-shape-bottom\" aria-hidden=\"true\" data-negative=\"false\">\n\t\t\t<svg xmlns=\"http:\/\/www.w3.org\/2000\/svg\" viewBox=\"0 0 1000 20\" preserveAspectRatio=\"none\">\n\t<path class=\"elementor-shape-fill\" d=\"M0,0v3c0,0,393.8,0,483.4,0c9.2,0,16.6,7.4,16.6,16.6c0-9.1,7.4-16.6,16.6-16.6C606.2,3,1000,3,1000,3V0H0z\"\/>\n<\/svg>\t\t<\/div>\n\t\t\t\t\t<div class=\"elementor-container elementor-column-gap-default\">\n\t\t\t\t\t<div class=\"elementor-column elementor-col-100 elementor-top-column elementor-element elementor-element-61bdcf3\" data-id=\"61bdcf3\" data-element_type=\"column\" data-e-type=\"column\">\n\t\t\t<div class=\"elementor-widget-wrap elementor-element-populated\">\n\t\t\t\t\t\t<div class=\"elementor-element elementor-element-5402e44 elementor-widget elementor-widget-heading\" data-id=\"5402e44\" data-element_type=\"widget\" data-e-type=\"widget\" data-widget_type=\"heading.default\">\n\t\t\t\t\t<h2 class=\"elementor-heading-title elementor-size-default\">Lacres<\/h2>\t\t\t\t<\/div>\n\t\t\t\t\t<\/div>\n\t\t<\/div>\n\t\t\t\t\t<\/div>\n\t\t<\/section>\n\t\t\t\t<section class=\"elementor-section elementor-top-section elementor-element elementor-element-b25ccc0 elementor-section-boxed elementor-section-height-default elementor-section-height-default\" data-id=\"b25ccc0\" data-element_type=\"section\" data-e-type=\"section\">\n\t\t\t\t\t\t<div class=\"elementor-container elementor-column-gap-default\">\n\t\t\t\t\t<div class=\"elementor-column elementor-col-100 elementor-top-column elementor-element elementor-element-13a5cd9\" data-id=\"13a5cd9\" data-element_type=\"column\" data-e-type=\"column\">\n\t\t\t<div class=\"elementor-widget-wrap elementor-element-populated\">\n\t\t\t\t<div class=\"elementor-element elementor-element-d3493ad e-flex e-con-boxed e-con e-parent\" data-id=\"d3493ad\" data-element_type=\"container\" data-e-type=\"container\">\n\t\t\t\t\t<div class=\"e-con-inner\">\n\t\t<div class=\"elementor-element elementor-element-8c0adc7 e-con-full e-flex e-con e-child\" data-id=\"8c0adc7\" data-element_type=\"container\" data-e-type=\"container\">\n\t\t\t\t<div class=\"elementor-element elementor-element-5efb925 elementor-widget elementor-widget-image-gallery\" data-id=\"5efb925\" data-element_type=\"widget\" data-e-type=\"widget\" data-widget_type=\"image-gallery.default\">\n\t\t\t\t\t\t\t<div class=\"elementor-image-gallery\">\n\t\t\t<div id='gallery-1' class='gallery galleryid-302 gallery-columns-1 gallery-size-medium_large'><figure class='gallery-item'>\n\t\t\t<div class='gallery-icon landscape'>\n\t\t\t\t<a data-elementor-open-lightbox=\"yes\" data-elementor-lightbox-slideshow=\"5efb925\" data-elementor-lightbox-title=\"LACRE-ADESIVO-PADRAO.jpg\" data-e-action-hash=\"#elementor-action%3Aaction%3Dlightbox%26settings%3DeyJpZCI6MTk1LCJ1cmwiOiJodHRwczpcL1wvcHJvamV0b3M3dGguY29tLmJyXC9zcmNhaXhhXC93cC1jb250ZW50XC91cGxvYWRzXC8yMDI2XC8wNFwvTEFDUkUtQURFU0lWTy1QQURSQU8uanBnIiwic2xpZGVzaG93IjoiNWVmYjkyNSJ9\" href='https:\/\/projetos7th.com.br\/srcaixa\/wp-content\/uploads\/2026\/04\/LACRE-ADESIVO-PADRAO.jpg'><img fetchpriority=\"high\" decoding=\"async\" width=\"768\" height=\"768\" src=\"https:\/\/projetos7th.com.br\/srcaixa\/wp-content\/uploads\/2026\/04\/LACRE-ADESIVO-PADRAO-768x768.jpg\" class=\"attachment-medium_large size-medium_large\" alt=\"\" srcset=\"https:\/\/projetos7th.com.br\/srcaixa\/wp-content\/uploads\/2026\/04\/LACRE-ADESIVO-PADRAO-768x768.jpg 768w, https:\/\/projetos7th.com.br\/srcaixa\/wp-content\/uploads\/2026\/04\/LACRE-ADESIVO-PADRAO-300x300.jpg 300w, https:\/\/projetos7th.com.br\/srcaixa\/wp-content\/uploads\/2026\/04\/LACRE-ADESIVO-PADRAO-150x150.jpg 150w, https:\/\/projetos7th.com.br\/srcaixa\/wp-content\/uploads\/2026\/04\/LACRE-ADESIVO-PADRAO.jpg 900w\" sizes=\"(max-width: 768px) 100vw, 768px\" \/><\/a>\n\t\t\t<\/div><\/figure>\n\t\t<\/div>\n\t\t<\/div>\n\t\t\t\t\t\t<\/div>\n\t\t<div class=\"elementor-element elementor-element-ee3f92d e-con-full e-flex e-con e-child\" data-id=\"ee3f92d\" data-element_type=\"container\" data-e-type=\"container\">\n\t\t\t\t<div class=\"elementor-element elementor-element-204d21a elementor-widget__width-initial elementor-widget elementor-widget-heading\" data-id=\"204d21a\" data-element_type=\"widget\" data-e-type=\"widget\" data-widget_type=\"heading.default\">\n\t\t\t\t\t<h2 class=\"elementor-heading-title elementor-size-default\">LACRE ADESIVO PADR\u00c3O<\/h2>\t\t\t\t<\/div>\n\t\t\t\t<div class=\"elementor-element elementor-element-f3de9b7 elementor-widget__width-initial elementor-widget elementor-widget-text-editor\" data-id=\"f3de9b7\" data-element_type=\"widget\" data-e-type=\"widget\" data-widget_type=\"text-editor.default\">\n\t\t\t\t\t\t\t\t\t<p class=\"kv-ee-body--md\" tabindex=\"0\" data-type=\"text\"><strong>Quantidade<\/strong>: <br \/>1000, 2000, 3000, 4000, 5000<\/p>\t\t\t\t\t\t\t\t<\/div>\n\t\t\t\t<\/div>\n\t\t\t\t<div class=\"elementor-element elementor-element-868c1a5 elementor-align-center elementor-invisible elementor-widget elementor-widget-button\" data-id=\"868c1a5\" data-element_type=\"widget\" data-e-type=\"widget\" data-settings=\"{&quot;_animation&quot;:&quot;fadeIn&quot;}\" data-widget_type=\"button.default\">\n\t\t\t\t\t\t\t\t\t\t<a class=\"elementor-button elementor-button-link elementor-size-md elementor-animation-shrink\" href=\"https:\/\/api.whatsapp.com\/send\/?phone=551120364177&#038;text=Ol%C3%A1%2C+estou+interessado+em%3A+%2ACAIXA+DE+BOLO+ABERTURA+POR+CIMA%2AObrigado%21&#038;type=phone_number&#038;app_absent=0\">\n\t\t\t\t\t\t<span class=\"elementor-button-content-wrapper\">\n\t\t\t\t\t\t<span class=\"elementor-button-icon\">\n\t\t\t\t<svg aria-hidden=\"true\" class=\"e-font-icon-svg e-fab-whatsapp\" viewBox=\"0 0 448 512\" xmlns=\"http:\/\/www.w3.org\/2000\/svg\"><path d=\"M380.9 97.1C339 55.1 283.2 32 223.9 32c-122.4 0-222 99.6-222 222 0 39.1 10.2 77.3 29.6 111L0 480l117.7-30.9c32.4 17.7 68.9 27 106.1 27h.1c122.3 0 224.1-99.6 224.1-222 0-59.3-25.2-115-67.1-157zm-157 341.6c-33.2 0-65.7-8.9-94-25.7l-6.7-4-69.8 18.3L72 359.2l-4.4-7c-18.5-29.4-28.2-63.3-28.2-98.2 0-101.7 82.8-184.5 184.6-184.5 49.3 0 95.6 19.2 130.4 54.1 34.8 34.9 56.2 81.2 56.1 130.5 0 101.8-84.9 184.6-186.6 184.6zm101.2-138.2c-5.5-2.8-32.8-16.2-37.9-18-5.1-1.9-8.8-2.8-12.5 2.8-3.7 5.6-14.3 18-17.6 21.8-3.2 3.7-6.5 4.2-12 1.4-32.6-16.3-54-29.1-75.5-66-5.7-9.8 5.7-9.1 16.3-30.3 1.8-3.7.9-6.9-.5-9.7-1.4-2.8-12.5-30.1-17.1-41.2-4.5-10.8-9.1-9.3-12.5-9.5-3.2-.2-6.9-.2-10.6-.2-3.7 0-9.7 1.4-14.8 6.9-5.1 5.6-19.4 19-19.4 46.3 0 27.3 19.9 53.7 22.6 57.4 2.8 3.7 39.1 59.7 94.8 83.8 35.2 15.2 49 16.5 66.6 13.9 10.7-1.6 32.8-13.4 37.4-26.4 4.6-13 4.6-24.1 3.2-26.4-1.3-2.5-5-3.9-10.5-6.6z\"><\/path><\/svg>\t\t\t<\/span>\n\t\t\t\t\t\t\t\t\t<span class=\"elementor-button-text\">Or\u00e7ar Produto<\/span>\n\t\t\t\t\t<\/span>\n\t\t\t\t\t<\/a>\n\t\t\t\t\t\t\t\t<\/div>\n\t\t\t\t<\/div>\n\t\t<div class=\"elementor-element elementor-element-b49b53c e-con-full e-flex e-con e-child\" data-id=\"b49b53c\" data-element_type=\"container\" data-e-type=\"container\">\n\t\t\t\t<div class=\"elementor-element elementor-element-dd26604 elementor-widget elementor-widget-image-gallery\" data-id=\"dd26604\" data-element_type=\"widget\" data-e-type=\"widget\" data-widget_type=\"image-gallery.default\">\n\t\t\t\t\t\t\t<div class=\"elementor-image-gallery\">\n\t\t\t<div id='gallery-2' class='gallery galleryid-302 gallery-columns-1 gallery-size-medium_large'><figure class='gallery-item'>\n\t\t\t<div class='gallery-icon portrait'>\n\t\t\t\t<a data-elementor-open-lightbox=\"yes\" data-elementor-lightbox-slideshow=\"dd26604\" data-elementor-lightbox-title=\"LACRE-ADESIVO-PERSONALIZADO-.jpeg\" data-e-action-hash=\"#elementor-action%3Aaction%3Dlightbox%26settings%3DeyJpZCI6MTk2LCJ1cmwiOiJodHRwczpcL1wvcHJvamV0b3M3dGguY29tLmJyXC9zcmNhaXhhXC93cC1jb250ZW50XC91cGxvYWRzXC8yMDI2XC8wNFwvTEFDUkUtQURFU0lWTy1QRVJTT05BTElaQURPLS5qcGVnIiwic2xpZGVzaG93IjoiZGQyNjYwNCJ9\" href='https:\/\/projetos7th.com.br\/srcaixa\/wp-content\/uploads\/2026\/04\/LACRE-ADESIVO-PERSONALIZADO-.jpeg'><img decoding=\"async\" width=\"657\" height=\"663\" src=\"https:\/\/projetos7th.com.br\/srcaixa\/wp-content\/uploads\/2026\/04\/LACRE-ADESIVO-PERSONALIZADO-.jpeg\" class=\"attachment-medium_large size-medium_large\" alt=\"\" srcset=\"https:\/\/projetos7th.com.br\/srcaixa\/wp-content\/uploads\/2026\/04\/LACRE-ADESIVO-PERSONALIZADO-.jpeg 657w, https:\/\/projetos7th.com.br\/srcaixa\/wp-content\/uploads\/2026\/04\/LACRE-ADESIVO-PERSONALIZADO--297x300.jpeg 297w, https:\/\/projetos7th.com.br\/srcaixa\/wp-content\/uploads\/2026\/04\/LACRE-ADESIVO-PERSONALIZADO--150x150.jpeg 150w\" sizes=\"(max-width: 657px) 100vw, 657px\" \/><\/a>\n\t\t\t<\/div><\/figure>\n\t\t<\/div>\n\t\t<\/div>\n\t\t\t\t\t\t<\/div>\n\t\t<div class=\"elementor-element elementor-element-ecfa968 e-con-full e-flex e-con e-child\" data-id=\"ecfa968\" data-element_type=\"container\" data-e-type=\"container\">\n\t\t\t\t<div class=\"elementor-element elementor-element-0107243 elementor-widget__width-initial elementor-widget elementor-widget-heading\" data-id=\"0107243\" data-element_type=\"widget\" data-e-type=\"widget\" data-widget_type=\"heading.default\">\n\t\t\t\t\t<h2 class=\"elementor-heading-title elementor-size-default\">LACRE ADESIVO PERSONALIZADO<\/h2>\t\t\t\t<\/div>\n\t\t\t\t<div class=\"elementor-element elementor-element-1cd9a3e elementor-widget__width-initial elementor-widget elementor-widget-text-editor\" data-id=\"1cd9a3e\" data-element_type=\"widget\" data-e-type=\"widget\" data-widget_type=\"text-editor.default\">\n\t\t\t\t\t\t\t\t\t<p class=\"kv-ee-body--md\" tabindex=\"0\" data-type=\"text\"><strong>Quantidade<\/strong>: <br \/>1000, 2000, 3000, 4000, 5000<\/p>\t\t\t\t\t\t\t\t<\/div>\n\t\t\t\t<\/div>\n\t\t\t\t<div class=\"elementor-element elementor-element-e430100 elementor-align-center elementor-invisible elementor-widget elementor-widget-button\" data-id=\"e430100\" data-element_type=\"widget\" data-e-type=\"widget\" data-settings=\"{&quot;_animation&quot;:&quot;fadeIn&quot;}\" data-widget_type=\"button.default\">\n\t\t\t\t\t\t\t\t\t\t<a class=\"elementor-button elementor-button-link elementor-size-md elementor-animation-shrink\" href=\"https:\/\/api.whatsapp.com\/send\/?phone=551120364177&#038;text=Ol%C3%A1%2C+estou+interessado+em%3A+%2ACAIXA+DE+BOLO+ABERTURA+POR+CIMA%2AObrigado%21&#038;type=phone_number&#038;app_absent=0\">\n\t\t\t\t\t\t<span class=\"elementor-button-content-wrapper\">\n\t\t\t\t\t\t<span class=\"elementor-button-icon\">\n\t\t\t\t<svg aria-hidden=\"true\" class=\"e-font-icon-svg e-fab-whatsapp\" viewBox=\"0 0 448 512\" xmlns=\"http:\/\/www.w3.org\/2000\/svg\"><path d=\"M380.9 97.1C339 55.1 283.2 32 223.9 32c-122.4 0-222 99.6-222 222 0 39.1 10.2 77.3 29.6 111L0 480l117.7-30.9c32.4 17.7 68.9 27 106.1 27h.1c122.3 0 224.1-99.6 224.1-222 0-59.3-25.2-115-67.1-157zm-157 341.6c-33.2 0-65.7-8.9-94-25.7l-6.7-4-69.8 18.3L72 359.2l-4.4-7c-18.5-29.4-28.2-63.3-28.2-98.2 0-101.7 82.8-184.5 184.6-184.5 49.3 0 95.6 19.2 130.4 54.1 34.8 34.9 56.2 81.2 56.1 130.5 0 101.8-84.9 184.6-186.6 184.6zm101.2-138.2c-5.5-2.8-32.8-16.2-37.9-18-5.1-1.9-8.8-2.8-12.5 2.8-3.7 5.6-14.3 18-17.6 21.8-3.2 3.7-6.5 4.2-12 1.4-32.6-16.3-54-29.1-75.5-66-5.7-9.8 5.7-9.1 16.3-30.3 1.8-3.7.9-6.9-.5-9.7-1.4-2.8-12.5-30.1-17.1-41.2-4.5-10.8-9.1-9.3-12.5-9.5-3.2-.2-6.9-.2-10.6-.2-3.7 0-9.7 1.4-14.8 6.9-5.1 5.6-19.4 19-19.4 46.3 0 27.3 19.9 53.7 22.6 57.4 2.8 3.7 39.1 59.7 94.8 83.8 35.2 15.2 49 16.5 66.6 13.9 10.7-1.6 32.8-13.4 37.4-26.4 4.6-13 4.6-24.1 3.2-26.4-1.3-2.5-5-3.9-10.5-6.6z\"><\/path><\/svg>\t\t\t<\/span>\n\t\t\t\t\t\t\t\t\t<span class=\"elementor-button-text\">Or\u00e7ar Produto<\/span>\n\t\t\t\t\t<\/span>\n\t\t\t\t\t<\/a>\n\t\t\t\t\t\t\t\t<\/div>\n\t\t\t\t<\/div>\n\t\t<div class=\"elementor-element elementor-element-273f5de e-con-full e-flex e-con e-child\" data-id=\"273f5de\" data-element_type=\"container\" data-e-type=\"container\">\n\t\t\t\t<div class=\"elementor-element elementor-element-e8861f9 elementor-widget elementor-widget-image-gallery\" data-id=\"e8861f9\" data-element_type=\"widget\" data-e-type=\"widget\" data-widget_type=\"image-gallery.default\">\n\t\t\t\t\t\t\t<div class=\"elementor-image-gallery\">\n\t\t\t<div id='gallery-3' class='gallery galleryid-302 gallery-columns-1 gallery-size-medium_large'><figure class='gallery-item'>\n\t\t\t<div class='gallery-icon landscape'>\n\t\t\t\t<a data-elementor-open-lightbox=\"yes\" data-elementor-lightbox-slideshow=\"e8861f9\" data-elementor-lightbox-title=\"LACRE-DE-SEGURANCA-MODELO-SERRILHADO-.png\" data-e-action-hash=\"#elementor-action%3Aaction%3Dlightbox%26settings%3DeyJpZCI6MTk3LCJ1cmwiOiJodHRwczpcL1wvcHJvamV0b3M3dGguY29tLmJyXC9zcmNhaXhhXC93cC1jb250ZW50XC91cGxvYWRzXC8yMDI2XC8wNFwvTEFDUkUtREUtU0VHVVJBTkNBLU1PREVMTy1TRVJSSUxIQURPLS5wbmciLCJzbGlkZXNob3ciOiJlODg2MWY5In0%3D\" href='https:\/\/projetos7th.com.br\/srcaixa\/wp-content\/uploads\/2026\/04\/LACRE-DE-SEGURANCA-MODELO-SERRILHADO-.png'><img decoding=\"async\" width=\"563\" height=\"562\" src=\"https:\/\/projetos7th.com.br\/srcaixa\/wp-content\/uploads\/2026\/04\/LACRE-DE-SEGURANCA-MODELO-SERRILHADO-.png\" class=\"attachment-medium_large size-medium_large\" alt=\"\" srcset=\"https:\/\/projetos7th.com.br\/srcaixa\/wp-content\/uploads\/2026\/04\/LACRE-DE-SEGURANCA-MODELO-SERRILHADO-.png 563w, https:\/\/projetos7th.com.br\/srcaixa\/wp-content\/uploads\/2026\/04\/LACRE-DE-SEGURANCA-MODELO-SERRILHADO--300x300.png 300w, https:\/\/projetos7th.com.br\/srcaixa\/wp-content\/uploads\/2026\/04\/LACRE-DE-SEGURANCA-MODELO-SERRILHADO--150x150.png 150w\" sizes=\"(max-width: 563px) 100vw, 563px\" \/><\/a>\n\t\t\t<\/div><\/figure>\n\t\t<\/div>\n\t\t<\/div>\n\t\t\t\t\t\t<\/div>\n\t\t<div class=\"elementor-element elementor-element-a9a6545 e-con-full e-flex e-con e-child\" data-id=\"a9a6545\" data-element_type=\"container\" data-e-type=\"container\">\n\t\t\t\t<div class=\"elementor-element elementor-element-d0e7813 elementor-widget__width-initial elementor-widget elementor-widget-heading\" data-id=\"d0e7813\" data-element_type=\"widget\" data-e-type=\"widget\" data-widget_type=\"heading.default\">\n\t\t\t\t\t<h2 class=\"elementor-heading-title elementor-size-default\">LACRE DE SEGURAN\u00c7A MODELO SERRILHADO<\/h2>\t\t\t\t<\/div>\n\t\t\t\t<div class=\"elementor-element elementor-element-ffbe68f elementor-widget__width-initial elementor-widget elementor-widget-text-editor\" data-id=\"ffbe68f\" data-element_type=\"widget\" data-e-type=\"widget\" data-widget_type=\"text-editor.default\">\n\t\t\t\t\t\t\t\t\t<p class=\"kv-ee-body--md\" tabindex=\"0\" data-type=\"text\"><strong>Quantidade<\/strong>: <br \/>1000, 2000, 3000, 4000, 5000<\/p>\t\t\t\t\t\t\t\t<\/div>\n\t\t\t\t<\/div>\n\t\t\t\t<div class=\"elementor-element elementor-element-a050789 elementor-align-center elementor-invisible elementor-widget elementor-widget-button\" data-id=\"a050789\" data-element_type=\"widget\" data-e-type=\"widget\" data-settings=\"{&quot;_animation&quot;:&quot;fadeIn&quot;}\" data-widget_type=\"button.default\">\n\t\t\t\t\t\t\t\t\t\t<a class=\"elementor-button elementor-button-link elementor-size-md elementor-animation-shrink\" href=\"https:\/\/api.whatsapp.com\/send\/?phone=551120364177&#038;text=Ol%C3%A1%2C+estou+interessado+em%3A+%2ACAIXA+DE+BOLO+ABERTURA+POR+CIMA%2AObrigado%21&#038;type=phone_number&#038;app_absent=0\">\n\t\t\t\t\t\t<span class=\"elementor-button-content-wrapper\">\n\t\t\t\t\t\t<span class=\"elementor-button-icon\">\n\t\t\t\t<svg aria-hidden=\"true\" class=\"e-font-icon-svg e-fab-whatsapp\" viewBox=\"0 0 448 512\" xmlns=\"http:\/\/www.w3.org\/2000\/svg\"><path d=\"M380.9 97.1C339 55.1 283.2 32 223.9 32c-122.4 0-222 99.6-222 222 0 39.1 10.2 77.3 29.6 111L0 480l117.7-30.9c32.4 17.7 68.9 27 106.1 27h.1c122.3 0 224.1-99.6 224.1-222 0-59.3-25.2-115-67.1-157zm-157 341.6c-33.2 0-65.7-8.9-94-25.7l-6.7-4-69.8 18.3L72 359.2l-4.4-7c-18.5-29.4-28.2-63.3-28.2-98.2 0-101.7 82.8-184.5 184.6-184.5 49.3 0 95.6 19.2 130.4 54.1 34.8 34.9 56.2 81.2 56.1 130.5 0 101.8-84.9 184.6-186.6 184.6zm101.2-138.2c-5.5-2.8-32.8-16.2-37.9-18-5.1-1.9-8.8-2.8-12.5 2.8-3.7 5.6-14.3 18-17.6 21.8-3.2 3.7-6.5 4.2-12 1.4-32.6-16.3-54-29.1-75.5-66-5.7-9.8 5.7-9.1 16.3-30.3 1.8-3.7.9-6.9-.5-9.7-1.4-2.8-12.5-30.1-17.1-41.2-4.5-10.8-9.1-9.3-12.5-9.5-3.2-.2-6.9-.2-10.6-.2-3.7 0-9.7 1.4-14.8 6.9-5.1 5.6-19.4 19-19.4 46.3 0 27.3 19.9 53.7 22.6 57.4 2.8 3.7 39.1 59.7 94.8 83.8 35.2 15.2 49 16.5 66.6 13.9 10.7-1.6 32.8-13.4 37.4-26.4 4.6-13 4.6-24.1 3.2-26.4-1.3-2.5-5-3.9-10.5-6.6z\"><\/path><\/svg>\t\t\t<\/span>\n\t\t\t\t\t\t\t\t\t<span class=\"elementor-button-text\">Or\u00e7ar Produto<\/span>\n\t\t\t\t\t<\/span>\n\t\t\t\t\t<\/a>\n\t\t\t\t\t\t\t\t<\/div>\n\t\t\t\t<\/div>\n\t\t\t\t\t<\/div>\n\t\t\t\t<\/div>\n\t\t\t\t\t<\/div>\n\t\t<\/div>\n\t\t\t\t\t<\/div>\n\t\t<\/section>\n\t\t\t\t<\/div>\n\t\t","protected":false},"excerpt":{"rendered":"<p>Lacres LACRE ADESIVO PADR\u00c3O Quantidade: 1000, 2000, 3000, 4000, 5000 Or\u00e7ar Produto LACRE ADESIVO PERSONALIZADO Quantidade: 1000, 2000, 3000, 4000, 5000 Or\u00e7ar Produto LACRE DE SEGURAN\u00c7A MODELO SERRILHADO Quantidade: 1000, 2000, 3000, 4000, 5000 Or\u00e7ar Produto<\/p>\n","protected":false},"author":1,"featured_media":0,"parent":0,"menu_order":0,"comment_status":"closed","ping_status":"closed","template":"elementor_header_footer","meta":{"footnotes":""},"class_list":["post-302","page","type-page","status-publish","hentry"],"_links":{"self":[{"href":"https:\/\/projetos7th.com.br\/srcaixa\/wp-json\/wp\/v2\/pages\/302","targetHints":{"allow":["GET"]}}],"collection":[{"href":"https:\/\/projetos7th.com.br\/srcaixa\/wp-json\/wp\/v2\/pages"}],"about":[{"href":"https:\/\/projetos7th.com.br\/srcaixa\/wp-json\/wp\/v2\/types\/page"}],"author":[{"embeddable":true,"href":"https:\/\/projetos7th.com.br\/srcaixa\/wp-json\/wp\/v2\/users\/1"}],"replies":[{"embeddable":true,"href":"https:\/\/projetos7th.com.br\/srcaixa\/wp-json\/wp\/v2\/comments?post=302"}],"version-history":[{"count":7,"href":"https:\/\/projetos7th.com.br\/srcaixa\/wp-json\/wp\/v2\/pages\/302\/revisions"}],"predecessor-version":[{"id":461,"href":"https:\/\/projetos7th.com.br\/srcaixa\/wp-json\/wp\/v2\/pages\/302\/revisions\/461"}],"wp:attachment":[{"href":"https:\/\/projetos7th.com.br\/srcaixa\/wp-json\/wp\/v2\/media?parent=302"}],"curies":[{"name":"wp","href":"https:\/\/api.w.org\/{rel}","templated":true}]}}